{"id":77,"date":"2018-03-13T12:25:39","date_gmt":"2018-03-13T12:25:39","guid":{"rendered":"http:\/\/stoffundteppichwelt.de\/?page_id=77"},"modified":"2018-03-13T12:49:19","modified_gmt":"2018-03-13T12:49:19","slug":"impressum","status":"publish","type":"page","link":"https:\/\/stoffundteppichwelt.de\/?page_id=77","title":{"rendered":"Impressum"},"content":{"rendered":"\t\t<div data-elementor-type=\"wp-post\" data-elementor-id=\"77\" class=\"elementor elementor-77 elementor-bc-flex-widget\">\n\t\t\t\t\t\t<div class=\"elementor-inner\">\n\t\t\t\t<div class=\"elementor-section-wrap\">\n\t\t\t\t\t\t\t\t\t<section class=\"elementor-section elementor-top-section elementor-element elementor-element-258e9fc elementor-section-boxed elementor-section-height-default elementor-section-height-default\" data-id=\"258e9fc\" data-element_type=\"section\">\n\t\t\t\t\t\t<div class=\"elementor-container elementor-column-gap-default\">\n\t\t\t\t\t\t\t<div class=\"elementor-row\">\n\t\t\t\t\t<div class=\"elementor-column elementor-col-100 elementor-top-column elementor-element elementor-element-391359a\" data-id=\"391359a\" data-element_type=\"column\">\n\t\t\t<div class=\"elementor-column-wrap elementor-element-populated\">\n\t\t\t\t\t\t\t<div class=\"elementor-widget-wrap\">\n\t\t\t\t\t\t<div class=\"elementor-element elementor-element-45f70b2 elementor-widget elementor-widget-text-editor\" data-id=\"45f70b2\" data-element_type=\"widget\" data-widget_type=\"text-editor.default\">\n\t\t\t\t<div class=\"elementor-widget-container\">\n\t\t\t\t\t\t\t\t<div class=\"elementor-text-editor elementor-clearfix\">\n\t\t\t\t<p><b>Haftungshinweis:<\/b><\/p><p>Trotz sorgf\u00e4ltiger inhaltlicher Kontrolle \u00fcbernehmen wir keine Haftung f\u00fcr externe Links und deren Inhalte. F\u00fcr den Ihnhalt verlinkter Seiten sind ausschlie\u00dflich deren Betreiber verantwortlich.<\/p><p>Die Teppich-Welt GmbH distanziert sich somit ausdr\u00fccklich von extern verlinkten Seiten und deren Inhalten, auf dieser Homepage.<\/p><p><b>Copyright \/ Urheberrecht:<\/b><\/p><p>Die Kopie, Weiterverwertung und Nachbearbeitung von s\u00e4mtlichen Bildern und Texten dieser Homepage, ist ohne schriftliche Genehmigung der Teppich-Welt GmbH strengstens untersagt.<\/p><p>S\u00e4mtliche Inhalte in Bildern und Texten dieser Homepage unterliegen dem Urheberrecht des Herausgebers.<\/p><p><b>Herausgeber von Texten &amp; Bildern:<\/b><\/p><p>Teppich-Welt GmbH<\/p><p>Sudetenstra\u00dfe 78<\/p><p>82538 Geretsried<\/p><p>Telefon: 08171 \/ 8 19 55<\/p><p>Telefax: 08171 \/ 8 04 10<\/p><p>Gesch\u00e4ftsleitung: Heidi und J\u00fcrgen Franz<\/p><p>USt.Id.Nr.: DE 189 557 519<\/p><p>HRB M\u00fcnchen 119 786<\/p>\t\t\t\t\t<\/div>\n\t\t\t\t\t\t<\/div>\n\t\t\t\t<\/div>\n\t\t\t\t\t\t<\/div>\n\t\t\t\t\t<\/div>\n\t\t<\/div>\n\t\t\t\t\t\t\t\t<\/div>\n\t\t\t\t\t<\/div>\n\t\t<\/section>\n\t\t\t\t<section class=\"elementor-section elementor-top-section elementor-element elementor-element-82a6a6f elementor-section-boxed elementor-section-height-default elementor-section-height-default\" data-id=\"82a6a6f\" data-element_type=\"section\">\n\t\t\t\t\t\t<div class=\"elementor-container elementor-column-gap-default\">\n\t\t\t\t\t\t\t<div class=\"elementor-row\">\n\t\t\t\t\t<div class=\"elementor-column elementor-col-100 elementor-top-column elementor-element elementor-element-8b4bcd3\" data-id=\"8b4bcd3\" data-element_type=\"column\">\n\t\t\t<div class=\"elementor-column-wrap elementor-element-populated\">\n\t\t\t\t\t\t\t<div class=\"elementor-widget-wrap\">\n\t\t\t\t\t\t<div class=\"elementor-element elementor-element-0aed3b6 elementor-button-info elementor-widget elementor-widget-button\" data-id=\"0aed3b6\" data-element_type=\"widget\" data-widget_type=\"button.default\">\n\t\t\t\t<div class=\"elementor-widget-container\">\n\t\t\t\t\t<div class=\"elementor-button-wrapper\">\n\t\t\t<a href=\"http:\/\/stoffundteppichwelt.de\/?page_id=139\" target=\"_blank\" class=\"elementor-button-link elementor-button elementor-size-sm\" role=\"button\">\n\t\t\t\t\t\t<span class=\"elementor-button-content-wrapper\">\n\t\t\t\t\t\t<span class=\"elementor-button-text\">Datenschutzerkl\u00e4rung<\/span>\n\t\t<\/span>\n\t\t\t\t\t<\/a>\n\t\t<\/div>\n\t\t\t\t<\/div>\n\t\t\t\t<\/div>\n\t\t\t\t\t\t<\/div>\n\t\t\t\t\t<\/div>\n\t\t<\/div>\n\t\t\t\t\t\t\t\t<\/div>\n\t\t\t\t\t<\/div>\n\t\t<\/section>\n\t\t\t\t\t\t\t\t\t<\/div>\n\t\t\t<\/div>\n\t\t\t\t\t<\/div>\n\t\t","protected":false},"excerpt":{"rendered":"<p>Haftungshinweis: Trotz sorgf\u00e4ltiger inhaltlicher Kontrolle \u00fcbernehmen wir keine Haftung f\u00fcr externe Links und deren Inhalte. F\u00fcr den Ihnhalt verlinkter Seiten sind ausschlie\u00dflich deren Betreiber verantwortlich. Die Teppich-Welt GmbH distanziert sich somit ausdr\u00fccklich von extern verlinkten Seiten und deren Inhalten, auf dieser Homepage. Copyright \/ Urheberrecht: Die Kopie, Weiterverwertung und Nachbearbeitung von s\u00e4mtlichen Bildern und Texten dieser Homepage, ist ohne schriftliche Genehmigung der Teppich-Welt GmbH strengstens untersagt. S\u00e4mtliche Inhalte in Bildern und Texten dieser Homepage unterliegen dem Urheberrecht des Herausgebers. Herausgeber&hellip;<\/p>\n","protected":false},"author":1,"featured_media":0,"parent":0,"menu_order":0,"comment_status":"closed","ping_status":"closed","template":"","meta":[],"_links":{"self":[{"href":"https:\/\/stoffundteppichwelt.de\/index.php?rest_route=\/wp\/v2\/pages\/77"}],"collection":[{"href":"https:\/\/stoffundteppichwelt.de\/index.php?rest_route=\/wp\/v2\/pages"}],"about":[{"href":"https:\/\/stoffundteppichwelt.de\/index.php?rest_route=\/wp\/v2\/types\/page"}],"author":[{"embeddable":true,"href":"https:\/\/stoffundteppichwelt.de\/index.php?rest_route=\/wp\/v2\/users\/1"}],"replies":[{"embeddable":true,"href":"https:\/\/stoffundteppichwelt.de\/index.php?rest_route=%2Fwp%2Fv2%2Fcomments&post=77"}],"version-history":[{"count":4,"href":"https:\/\/stoffundteppichwelt.de\/index.php?rest_route=\/wp\/v2\/pages\/77\/revisions"}],"predecessor-version":[{"id":141,"href":"https:\/\/stoffundteppichwelt.de\/index.php?rest_route=\/wp\/v2\/pages\/77\/revisions\/141"}],"wp:attachment":[{"href":"https:\/\/stoffundteppichwelt.de\/index.php?rest_route=%2Fwp%2Fv2%2Fmedia&parent=77"}],"curies":[{"name":"wp","href":"https:\/\/api.w.org\/{rel}","templated":true}]}}