{"id":5054,"date":"2020-07-13T12:26:17","date_gmt":"2020-07-13T12:26:17","guid":{"rendered":"https:\/\/stoffundteppichwelt.de\/?product=kissen-1590-7"},"modified":"2020-07-13T12:26:17","modified_gmt":"2020-07-13T12:26:17","slug":"kissen-1590-7","status":"publish","type":"product","link":"https:\/\/stoffundteppichwelt.de\/?product=kissen-1590-7","title":{"rendered":"Kissenh\u00fclle 2817 bunt geblumt"},"content":{"rendered":"<p>Kissenh\u00fclle Nr. 2817 mit Reissverschluss, Motive variieren<\/p>\n<p>Gr\u00f6\u00dfe (in cm): ca. 40 x 40<\/p>\n<p>Farbe: bunt geblumt<\/p>\n<p>Preis: 11,90 \u20ac\/St.<\/p>\n<p>Material: 75%BW 25%PES<\/p>\n","protected":false},"excerpt":{"rendered":"<p>Kissenh\u00fclle Nr. 2817 mit Reissverschluss, Motive variieren Gr\u00f6\u00dfe (in cm): ca. 40 x 40 Farbe: bunt geblumt Preis: 11,90 \u20ac\/St. Material: 75%BW 25%PES<\/p>\n","protected":false},"featured_media":5055,"comment_status":"open","ping_status":"closed","template":"","meta":[],"product_cat":[72,73],"product_tag":[],"_links":{"self":[{"href":"https:\/\/stoffundteppichwelt.de\/index.php?rest_route=\/wp\/v2\/product\/5054"}],"collection":[{"href":"https:\/\/stoffundteppichwelt.de\/index.php?rest_route=\/wp\/v2\/product"}],"about":[{"href":"https:\/\/stoffundteppichwelt.de\/index.php?rest_route=\/wp\/v2\/types\/product"}],"replies":[{"embeddable":true,"href":"https:\/\/stoffundteppichwelt.de\/index.php?rest_route=%2Fwp%2Fv2%2Fcomments&post=5054"}],"wp:featuredmedia":[{"embeddable":true,"href":"https:\/\/stoffundteppichwelt.de\/index.php?rest_route=\/wp\/v2\/media\/5055"}],"wp:attachment":[{"href":"https:\/\/stoffundteppichwelt.de\/index.php?rest_route=%2Fwp%2Fv2%2Fmedia&parent=5054"}],"wp:term":[{"taxonomy":"product_cat","embeddable":true,"href":"https:\/\/stoffundteppichwelt.de\/index.php?rest_route=%2Fwp%2Fv2%2Fproduct_cat&post=5054"},{"taxonomy":"product_tag","embeddable":true,"href":"https:\/\/stoffundteppichwelt.de\/index.php?rest_route=%2Fwp%2Fv2%2Fproduct_tag&post=5054"}],"curies":[{"name":"wp","href":"https:\/\/api.w.org\/{rel}","templated":true}]}}