{"id":5064,"date":"2020-07-13T12:52:07","date_gmt":"2020-07-13T12:52:07","guid":{"rendered":"https:\/\/stoffundteppichwelt.de\/?product=kissen-1490-2"},"modified":"2020-07-13T12:52:07","modified_gmt":"2020-07-13T12:52:07","slug":"kissen-1490-2","status":"publish","type":"product","link":"https:\/\/stoffundteppichwelt.de\/?product=kissen-1490-2","title":{"rendered":"Kissenh\u00fclle 2822 geblumt"},"content":{"rendered":"<p>Kissenh\u00fclle Nr. 2822 mit Reissverschluss, Motive variieren<\/p>\n<p>Gr\u00f6\u00dfe (in cm): ca. 40 x 40<\/p>\n<p>Farbe: beige blau-gelb geblumt<\/p>\n<p>Preis: 10,90 \u20ac\/St.<\/p>\n<p>Material: 50%BW 30%MD 20%LI<\/p>\n","protected":false},"excerpt":{"rendered":"<p>Kissenh\u00fclle Nr. 2822 mit Reissverschluss, Motive variieren Gr\u00f6\u00dfe (in cm): ca. 40 x 40 Farbe: beige blau-gelb geblumt Preis: 10,90 \u20ac\/St. Material: 50%BW 30%MD 20%LI<\/p>\n","protected":false},"featured_media":5065,"comment_status":"open","ping_status":"closed","template":"","meta":[],"product_cat":[72,73],"product_tag":[],"_links":{"self":[{"href":"https:\/\/stoffundteppichwelt.de\/index.php?rest_route=\/wp\/v2\/product\/5064"}],"collection":[{"href":"https:\/\/stoffundteppichwelt.de\/index.php?rest_route=\/wp\/v2\/product"}],"about":[{"href":"https:\/\/stoffundteppichwelt.de\/index.php?rest_route=\/wp\/v2\/types\/product"}],"replies":[{"embeddable":true,"href":"https:\/\/stoffundteppichwelt.de\/index.php?rest_route=%2Fwp%2Fv2%2Fcomments&post=5064"}],"wp:featuredmedia":[{"embeddable":true,"href":"https:\/\/stoffundteppichwelt.de\/index.php?rest_route=\/wp\/v2\/media\/5065"}],"wp:attachment":[{"href":"https:\/\/stoffundteppichwelt.de\/index.php?rest_route=%2Fwp%2Fv2%2Fmedia&parent=5064"}],"wp:term":[{"taxonomy":"product_cat","embeddable":true,"href":"https:\/\/stoffundteppichwelt.de\/index.php?rest_route=%2Fwp%2Fv2%2Fproduct_cat&post=5064"},{"taxonomy":"product_tag","embeddable":true,"href":"https:\/\/stoffundteppichwelt.de\/index.php?rest_route=%2Fwp%2Fv2%2Fproduct_tag&post=5064"}],"curies":[{"name":"wp","href":"https:\/\/api.w.org\/{rel}","templated":true}]}}