{"id":5066,"date":"2020-07-13T12:55:57","date_gmt":"2020-07-13T12:55:57","guid":{"rendered":"https:\/\/stoffundteppichwelt.de\/?product=kissen-1990"},"modified":"2020-07-13T12:55:57","modified_gmt":"2020-07-13T12:55:57","slug":"kissen-1990","status":"publish","type":"product","link":"https:\/\/stoffundteppichwelt.de\/?product=kissen-1990","title":{"rendered":"Kissenh\u00fclle 2823 mit Kederband und bunten Motiven"},"content":{"rendered":"<p>Kissenh\u00fclle Nr. 2823 mit Reissverschluss<\/p>\n<p>Gr\u00f6\u00dfe (in cm): ca. 40 x 40<\/p>\n<p>Farbe: bunt<\/p>\n<p>Preis: 15,90 \u20ac\/St.<\/p>\n<p>Material: 42%Viskose 40%BW 18%LI<\/p>\n","protected":false},"excerpt":{"rendered":"<p>Kissenh\u00fclle Nr. 2823 mit Reissverschluss Gr\u00f6\u00dfe (in cm): ca. 40 x 40 Farbe: bunt Preis: 15,90 \u20ac\/St. Material: 42%Viskose 40%BW 18%LI<\/p>\n","protected":false},"featured_media":5067,"comment_status":"open","ping_status":"closed","template":"","meta":[],"product_cat":[72,73],"product_tag":[],"_links":{"self":[{"href":"https:\/\/stoffundteppichwelt.de\/index.php?rest_route=\/wp\/v2\/product\/5066"}],"collection":[{"href":"https:\/\/stoffundteppichwelt.de\/index.php?rest_route=\/wp\/v2\/product"}],"about":[{"href":"https:\/\/stoffundteppichwelt.de\/index.php?rest_route=\/wp\/v2\/types\/product"}],"replies":[{"embeddable":true,"href":"https:\/\/stoffundteppichwelt.de\/index.php?rest_route=%2Fwp%2Fv2%2Fcomments&post=5066"}],"wp:featuredmedia":[{"embeddable":true,"href":"https:\/\/stoffundteppichwelt.de\/index.php?rest_route=\/wp\/v2\/media\/5067"}],"wp:attachment":[{"href":"https:\/\/stoffundteppichwelt.de\/index.php?rest_route=%2Fwp%2Fv2%2Fmedia&parent=5066"}],"wp:term":[{"taxonomy":"product_cat","embeddable":true,"href":"https:\/\/stoffundteppichwelt.de\/index.php?rest_route=%2Fwp%2Fv2%2Fproduct_cat&post=5066"},{"taxonomy":"product_tag","embeddable":true,"href":"https:\/\/stoffundteppichwelt.de\/index.php?rest_route=%2Fwp%2Fv2%2Fproduct_tag&post=5066"}],"curies":[{"name":"wp","href":"https:\/\/api.w.org\/{rel}","templated":true}]}}