{"id":5068,"date":"2020-07-13T13:00:36","date_gmt":"2020-07-13T13:00:36","guid":{"rendered":"https:\/\/stoffundteppichwelt.de\/?product=kissen-1990-2"},"modified":"2020-07-13T13:00:36","modified_gmt":"2020-07-13T13:00:36","slug":"kissen-1990-2","status":"publish","type":"product","link":"https:\/\/stoffundteppichwelt.de\/?product=kissen-1990-2","title":{"rendered":"Kissenh\u00fclle 2824 mit Kederband und bunten Motiven"},"content":{"rendered":"<p>Kissenh\u00fclle Nr. 2824 mit Reissverschluss<\/p>\n<p>Gr\u00f6\u00dfe (in cm): ca. 40 x 40<\/p>\n<p>Farbe: bunt<\/p>\n<p>Preis: 15,90 \u20ac\/St.<\/p>\n<p>Material: 42%Viskose 40%BW 18%LI<\/p>\n","protected":false},"excerpt":{"rendered":"<p>Kissenh\u00fclle Nr. 2824 mit Reissverschluss Gr\u00f6\u00dfe (in cm): ca. 40 x 40 Farbe: bunt Preis: 15,90 \u20ac\/St. Material: 42%Viskose 40%BW 18%LI<\/p>\n","protected":false},"featured_media":5069,"comment_status":"open","ping_status":"closed","template":"","meta":[],"product_cat":[72,73],"product_tag":[],"_links":{"self":[{"href":"https:\/\/stoffundteppichwelt.de\/index.php?rest_route=\/wp\/v2\/product\/5068"}],"collection":[{"href":"https:\/\/stoffundteppichwelt.de\/index.php?rest_route=\/wp\/v2\/product"}],"about":[{"href":"https:\/\/stoffundteppichwelt.de\/index.php?rest_route=\/wp\/v2\/types\/product"}],"replies":[{"embeddable":true,"href":"https:\/\/stoffundteppichwelt.de\/index.php?rest_route=%2Fwp%2Fv2%2Fcomments&post=5068"}],"wp:featuredmedia":[{"embeddable":true,"href":"https:\/\/stoffundteppichwelt.de\/index.php?rest_route=\/wp\/v2\/media\/5069"}],"wp:attachment":[{"href":"https:\/\/stoffundteppichwelt.de\/index.php?rest_route=%2Fwp%2Fv2%2Fmedia&parent=5068"}],"wp:term":[{"taxonomy":"product_cat","embeddable":true,"href":"https:\/\/stoffundteppichwelt.de\/index.php?rest_route=%2Fwp%2Fv2%2Fproduct_cat&post=5068"},{"taxonomy":"product_tag","embeddable":true,"href":"https:\/\/stoffundteppichwelt.de\/index.php?rest_route=%2Fwp%2Fv2%2Fproduct_tag&post=5068"}],"curies":[{"name":"wp","href":"https:\/\/api.w.org\/{rel}","templated":true}]}}