{"id":5070,"date":"2020-07-13T13:49:00","date_gmt":"2020-07-13T13:49:00","guid":{"rendered":"https:\/\/stoffundteppichwelt.de\/?product=kissen-1390"},"modified":"2020-07-13T13:49:00","modified_gmt":"2020-07-13T13:49:00","slug":"kissen-1390","status":"publish","type":"product","link":"https:\/\/stoffundteppichwelt.de\/?product=kissen-1390","title":{"rendered":"Kissenh\u00fclle 2825 blau mit R\u00f6schen"},"content":{"rendered":"<p>Kissenh\u00fclle Nr. 2825 mit Reissverschluss<\/p>\n<p>Gr\u00f6\u00dfe (in cm): ca. 40 x 40<\/p>\n<p>Farbe: blau-rose<\/p>\n<p>Preis: 9,90 \u20ac\/St.<\/p>\n<p>Material: 100%BW<\/p>\n","protected":false},"excerpt":{"rendered":"<p>Kissenh\u00fclle Nr. 2825 mit Reissverschluss Gr\u00f6\u00dfe (in cm): ca. 40 x 40 Farbe: blau-rose Preis: 9,90 \u20ac\/St. Material: 100%BW<\/p>\n","protected":false},"featured_media":5071,"comment_status":"open","ping_status":"closed","template":"","meta":[],"product_cat":[72,73],"product_tag":[],"_links":{"self":[{"href":"https:\/\/stoffundteppichwelt.de\/index.php?rest_route=\/wp\/v2\/product\/5070"}],"collection":[{"href":"https:\/\/stoffundteppichwelt.de\/index.php?rest_route=\/wp\/v2\/product"}],"about":[{"href":"https:\/\/stoffundteppichwelt.de\/index.php?rest_route=\/wp\/v2\/types\/product"}],"replies":[{"embeddable":true,"href":"https:\/\/stoffundteppichwelt.de\/index.php?rest_route=%2Fwp%2Fv2%2Fcomments&post=5070"}],"wp:featuredmedia":[{"embeddable":true,"href":"https:\/\/stoffundteppichwelt.de\/index.php?rest_route=\/wp\/v2\/media\/5071"}],"wp:attachment":[{"href":"https:\/\/stoffundteppichwelt.de\/index.php?rest_route=%2Fwp%2Fv2%2Fmedia&parent=5070"}],"wp:term":[{"taxonomy":"product_cat","embeddable":true,"href":"https:\/\/stoffundteppichwelt.de\/index.php?rest_route=%2Fwp%2Fv2%2Fproduct_cat&post=5070"},{"taxonomy":"product_tag","embeddable":true,"href":"https:\/\/stoffundteppichwelt.de\/index.php?rest_route=%2Fwp%2Fv2%2Fproduct_tag&post=5070"}],"curies":[{"name":"wp","href":"https:\/\/api.w.org\/{rel}","templated":true}]}}