{"id":5076,"date":"2020-07-13T14:02:59","date_gmt":"2020-07-13T14:02:59","guid":{"rendered":"https:\/\/stoffundteppichwelt.de\/?product=kissen-1590-12"},"modified":"2020-07-13T14:02:59","modified_gmt":"2020-07-13T14:02:59","slug":"kissen-1590-12","status":"publish","type":"product","link":"https:\/\/stoffundteppichwelt.de\/?product=kissen-1590-12","title":{"rendered":"Kissenh\u00fclle 2828 Edelweiss braun-beige"},"content":{"rendered":"<p>Kissenh\u00fclle Nr. 2828 mit Reissverschluss<\/p>\n<p>Gr\u00f6\u00dfe (in cm): ca. 40 x 40<\/p>\n<p>Farbe: braun-beige geblumt<\/p>\n<p>Preis: 11,90 \u20ac\/St.<\/p>\n<p>Material: 75%PES 25%BW<\/p>\n","protected":false},"excerpt":{"rendered":"<p>Kissenh\u00fclle Nr. 2828 mit Reissverschluss Gr\u00f6\u00dfe (in cm): ca. 40 x 40 Farbe: braun-beige geblumt Preis: 11,90 \u20ac\/St. Material: 75%PES 25%BW<\/p>\n","protected":false},"featured_media":5077,"comment_status":"open","ping_status":"closed","template":"","meta":[],"product_cat":[72,73],"product_tag":[],"_links":{"self":[{"href":"https:\/\/stoffundteppichwelt.de\/index.php?rest_route=\/wp\/v2\/product\/5076"}],"collection":[{"href":"https:\/\/stoffundteppichwelt.de\/index.php?rest_route=\/wp\/v2\/product"}],"about":[{"href":"https:\/\/stoffundteppichwelt.de\/index.php?rest_route=\/wp\/v2\/types\/product"}],"replies":[{"embeddable":true,"href":"https:\/\/stoffundteppichwelt.de\/index.php?rest_route=%2Fwp%2Fv2%2Fcomments&post=5076"}],"wp:featuredmedia":[{"embeddable":true,"href":"https:\/\/stoffundteppichwelt.de\/index.php?rest_route=\/wp\/v2\/media\/5077"}],"wp:attachment":[{"href":"https:\/\/stoffundteppichwelt.de\/index.php?rest_route=%2Fwp%2Fv2%2Fmedia&parent=5076"}],"wp:term":[{"taxonomy":"product_cat","embeddable":true,"href":"https:\/\/stoffundteppichwelt.de\/index.php?rest_route=%2Fwp%2Fv2%2Fproduct_cat&post=5076"},{"taxonomy":"product_tag","embeddable":true,"href":"https:\/\/stoffundteppichwelt.de\/index.php?rest_route=%2Fwp%2Fv2%2Fproduct_tag&post=5076"}],"curies":[{"name":"wp","href":"https:\/\/api.w.org\/{rel}","templated":true}]}}