{"id":5078,"date":"2020-07-13T14:06:45","date_gmt":"2020-07-13T14:06:45","guid":{"rendered":"https:\/\/stoffundteppichwelt.de\/?product=kissen-1590-13"},"modified":"2020-07-13T14:06:45","modified_gmt":"2020-07-13T14:06:45","slug":"kissen-1590-13","status":"publish","type":"product","link":"https:\/\/stoffundteppichwelt.de\/?product=kissen-1590-13","title":{"rendered":"Kissenh\u00fclle 2829 Edelweiss beige-braun"},"content":{"rendered":"<p>Kissenh\u00fclle Nr. 2829 mit Reissverschluss<\/p>\n<p>Gr\u00f6\u00dfe (in cm): ca. 40 x 40<\/p>\n<p>Farbe: beige-braun<\/p>\n<p>Preis: 11,90 \u20ac\/St.<\/p>\n<p>Material: 75%PES 25%BW<\/p>\n","protected":false},"excerpt":{"rendered":"<p>Kissenh\u00fclle Nr. 2829 mit Reissverschluss Gr\u00f6\u00dfe (in cm): ca. 40 x 40 Farbe: beige-braun Preis: 11,90 \u20ac\/St. Material: 75%PES 25%BW<\/p>\n","protected":false},"featured_media":5079,"comment_status":"open","ping_status":"closed","template":"","meta":[],"product_cat":[72,73],"product_tag":[],"_links":{"self":[{"href":"https:\/\/stoffundteppichwelt.de\/index.php?rest_route=\/wp\/v2\/product\/5078"}],"collection":[{"href":"https:\/\/stoffundteppichwelt.de\/index.php?rest_route=\/wp\/v2\/product"}],"about":[{"href":"https:\/\/stoffundteppichwelt.de\/index.php?rest_route=\/wp\/v2\/types\/product"}],"replies":[{"embeddable":true,"href":"https:\/\/stoffundteppichwelt.de\/index.php?rest_route=%2Fwp%2Fv2%2Fcomments&post=5078"}],"wp:featuredmedia":[{"embeddable":true,"href":"https:\/\/stoffundteppichwelt.de\/index.php?rest_route=\/wp\/v2\/media\/5079"}],"wp:attachment":[{"href":"https:\/\/stoffundteppichwelt.de\/index.php?rest_route=%2Fwp%2Fv2%2Fmedia&parent=5078"}],"wp:term":[{"taxonomy":"product_cat","embeddable":true,"href":"https:\/\/stoffundteppichwelt.de\/index.php?rest_route=%2Fwp%2Fv2%2Fproduct_cat&post=5078"},{"taxonomy":"product_tag","embeddable":true,"href":"https:\/\/stoffundteppichwelt.de\/index.php?rest_route=%2Fwp%2Fv2%2Fproduct_tag&post=5078"}],"curies":[{"name":"wp","href":"https:\/\/api.w.org\/{rel}","templated":true}]}}