{"id":5092,"date":"2020-07-13T15:28:58","date_gmt":"2020-07-13T15:28:58","guid":{"rendered":"https:\/\/stoffundteppichwelt.de\/?product=kissen-2839-1990"},"modified":"2020-07-13T15:28:58","modified_gmt":"2020-07-13T15:28:58","slug":"kissen-2839-1990","status":"publish","type":"product","link":"https:\/\/stoffundteppichwelt.de\/?product=kissen-2839-1990","title":{"rendered":"Kissenh\u00fclle 2839 geblumt mit Kederband"},"content":{"rendered":"<p>Kissenh\u00fclle Nr. 2839 mit Reissverschluss<\/p>\n<p>Gr\u00f6\u00dfe (in cm): ca. 40 x 40<\/p>\n<p>Farbe: geblumt<\/p>\n<p>Preis: 15,90<\/p>\n<p>Material:50%BW 30%MD 20%LI<\/p>\n","protected":false},"excerpt":{"rendered":"<p>Kissenh\u00fclle Nr. 2839 mit Reissverschluss Gr\u00f6\u00dfe (in cm): ca. 40 x 40 Farbe: geblumt Preis: 15,90 Material:50%BW 30%MD 20%LI<\/p>\n","protected":false},"featured_media":5093,"comment_status":"open","ping_status":"closed","template":"","meta":[],"product_cat":[72,73],"product_tag":[],"_links":{"self":[{"href":"https:\/\/stoffundteppichwelt.de\/index.php?rest_route=\/wp\/v2\/product\/5092"}],"collection":[{"href":"https:\/\/stoffundteppichwelt.de\/index.php?rest_route=\/wp\/v2\/product"}],"about":[{"href":"https:\/\/stoffundteppichwelt.de\/index.php?rest_route=\/wp\/v2\/types\/product"}],"replies":[{"embeddable":true,"href":"https:\/\/stoffundteppichwelt.de\/index.php?rest_route=%2Fwp%2Fv2%2Fcomments&post=5092"}],"wp:featuredmedia":[{"embeddable":true,"href":"https:\/\/stoffundteppichwelt.de\/index.php?rest_route=\/wp\/v2\/media\/5093"}],"wp:attachment":[{"href":"https:\/\/stoffundteppichwelt.de\/index.php?rest_route=%2Fwp%2Fv2%2Fmedia&parent=5092"}],"wp:term":[{"taxonomy":"product_cat","embeddable":true,"href":"https:\/\/stoffundteppichwelt.de\/index.php?rest_route=%2Fwp%2Fv2%2Fproduct_cat&post=5092"},{"taxonomy":"product_tag","embeddable":true,"href":"https:\/\/stoffundteppichwelt.de\/index.php?rest_route=%2Fwp%2Fv2%2Fproduct_tag&post=5092"}],"curies":[{"name":"wp","href":"https:\/\/api.w.org\/{rel}","templated":true}]}}