{"id":5097,"date":"2020-07-15T10:53:30","date_gmt":"2020-07-15T10:53:30","guid":{"rendered":"https:\/\/stoffundteppichwelt.de\/?product=kissen-2841-2690"},"modified":"2020-07-15T10:53:30","modified_gmt":"2020-07-15T10:53:30","slug":"kissen-2841-2690","status":"publish","type":"product","link":"https:\/\/stoffundteppichwelt.de\/?product=kissen-2841-2690","title":{"rendered":"Kissenh\u00fclle 2841 mit gestickten Blumen und Kederband"},"content":{"rendered":"<p>Kissenh\u00fclle Nr. 2841 mit Reissverschluss, Motive variieren<\/p>\n<p>Gr\u00f6\u00dfe (in cm): ca. 40 x 40<\/p>\n<p>Farbe: hellbeige-braun-schwarz<\/p>\n<p>Preis: 22,90 \u20ac\/St.<\/p>\n<p>Material: 95%PES 5%Viskose<\/p>\n","protected":false},"excerpt":{"rendered":"<p>Kissenh\u00fclle Nr. 2841 mit Reissverschluss, Motive variieren Gr\u00f6\u00dfe (in cm): ca. 40 x 40 Farbe: hellbeige-braun-schwarz Preis: 22,90 \u20ac\/St. Material: 95%PES 5%Viskose<\/p>\n","protected":false},"featured_media":5098,"comment_status":"open","ping_status":"closed","template":"","meta":[],"product_cat":[72,73],"product_tag":[],"_links":{"self":[{"href":"https:\/\/stoffundteppichwelt.de\/index.php?rest_route=\/wp\/v2\/product\/5097"}],"collection":[{"href":"https:\/\/stoffundteppichwelt.de\/index.php?rest_route=\/wp\/v2\/product"}],"about":[{"href":"https:\/\/stoffundteppichwelt.de\/index.php?rest_route=\/wp\/v2\/types\/product"}],"replies":[{"embeddable":true,"href":"https:\/\/stoffundteppichwelt.de\/index.php?rest_route=%2Fwp%2Fv2%2Fcomments&post=5097"}],"wp:featuredmedia":[{"embeddable":true,"href":"https:\/\/stoffundteppichwelt.de\/index.php?rest_route=\/wp\/v2\/media\/5098"}],"wp:attachment":[{"href":"https:\/\/stoffundteppichwelt.de\/index.php?rest_route=%2Fwp%2Fv2%2Fmedia&parent=5097"}],"wp:term":[{"taxonomy":"product_cat","embeddable":true,"href":"https:\/\/stoffundteppichwelt.de\/index.php?rest_route=%2Fwp%2Fv2%2Fproduct_cat&post=5097"},{"taxonomy":"product_tag","embeddable":true,"href":"https:\/\/stoffundteppichwelt.de\/index.php?rest_route=%2Fwp%2Fv2%2Fproduct_tag&post=5097"}],"curies":[{"name":"wp","href":"https:\/\/api.w.org\/{rel}","templated":true}]}}