{"id":5101,"date":"2020-07-15T11:05:44","date_gmt":"2020-07-15T11:05:44","guid":{"rendered":"https:\/\/stoffundteppichwelt.de\/?product=kissen-2843-1590"},"modified":"2020-07-15T11:05:44","modified_gmt":"2020-07-15T11:05:44","slug":"kissen-2843-1590","status":"publish","type":"product","link":"https:\/\/stoffundteppichwelt.de\/?product=kissen-2843-1590","title":{"rendered":"Kissenh\u00fclle 2843 rot mit Struktur"},"content":{"rendered":"<p>Kissenh\u00fclle Nr. 2843 mit Reissverschluss<\/p>\n<p>Gr\u00f6\u00dfe (in cm): ca. 40 x 40<\/p>\n<p>Farbe: rot<\/p>\n<p>Preis: 11,90 \u20ac\/St.<\/p>\n<p>Material: 50%PES 35%PAC 15%BW<\/p>\n","protected":false},"excerpt":{"rendered":"<p>Kissenh\u00fclle Nr. 2843 mit Reissverschluss Gr\u00f6\u00dfe (in cm): ca. 40 x 40 Farbe: rot Preis: 11,90 \u20ac\/St. Material: 50%PES 35%PAC 15%BW<\/p>\n","protected":false},"featured_media":5102,"comment_status":"open","ping_status":"closed","template":"","meta":[],"product_cat":[72,73],"product_tag":[],"_links":{"self":[{"href":"https:\/\/stoffundteppichwelt.de\/index.php?rest_route=\/wp\/v2\/product\/5101"}],"collection":[{"href":"https:\/\/stoffundteppichwelt.de\/index.php?rest_route=\/wp\/v2\/product"}],"about":[{"href":"https:\/\/stoffundteppichwelt.de\/index.php?rest_route=\/wp\/v2\/types\/product"}],"replies":[{"embeddable":true,"href":"https:\/\/stoffundteppichwelt.de\/index.php?rest_route=%2Fwp%2Fv2%2Fcomments&post=5101"}],"wp:featuredmedia":[{"embeddable":true,"href":"https:\/\/stoffundteppichwelt.de\/index.php?rest_route=\/wp\/v2\/media\/5102"}],"wp:attachment":[{"href":"https:\/\/stoffundteppichwelt.de\/index.php?rest_route=%2Fwp%2Fv2%2Fmedia&parent=5101"}],"wp:term":[{"taxonomy":"product_cat","embeddable":true,"href":"https:\/\/stoffundteppichwelt.de\/index.php?rest_route=%2Fwp%2Fv2%2Fproduct_cat&post=5101"},{"taxonomy":"product_tag","embeddable":true,"href":"https:\/\/stoffundteppichwelt.de\/index.php?rest_route=%2Fwp%2Fv2%2Fproduct_tag&post=5101"}],"curies":[{"name":"wp","href":"https:\/\/api.w.org\/{rel}","templated":true}]}}