{"id":5107,"date":"2020-07-15T11:19:01","date_gmt":"2020-07-15T11:19:01","guid":{"rendered":"https:\/\/stoffundteppichwelt.de\/?product=kissen-2846-1490"},"modified":"2020-07-15T11:19:01","modified_gmt":"2020-07-15T11:19:01","slug":"kissen-2846-1490","status":"publish","type":"product","link":"https:\/\/stoffundteppichwelt.de\/?product=kissen-2846-1490","title":{"rendered":"Kissenh\u00fclle 2846 bunt kariert"},"content":{"rendered":"<p>Kissenh\u00fclle Nr. 2846 mit Reissverschluss, Motive variieren<\/p>\n<p>Gr\u00f6\u00dfe (in cm): ca. 40 x 40<\/p>\n<p>Farbe: bunt kariert<\/p>\n<p>Preis: 10,90 \u20ac\/St.<\/p>\n<p>Material: 100%PES<\/p>\n","protected":false},"excerpt":{"rendered":"<p>Kissenh\u00fclle Nr. 2846 mit Reissverschluss, Motive variieren Gr\u00f6\u00dfe (in cm): ca. 40 x 40 Farbe: bunt kariert Preis: 10,90 \u20ac\/St. Material: 100%PES<\/p>\n","protected":false},"featured_media":5108,"comment_status":"open","ping_status":"closed","template":"","meta":[],"product_cat":[72,73],"product_tag":[],"_links":{"self":[{"href":"https:\/\/stoffundteppichwelt.de\/index.php?rest_route=\/wp\/v2\/product\/5107"}],"collection":[{"href":"https:\/\/stoffundteppichwelt.de\/index.php?rest_route=\/wp\/v2\/product"}],"about":[{"href":"https:\/\/stoffundteppichwelt.de\/index.php?rest_route=\/wp\/v2\/types\/product"}],"replies":[{"embeddable":true,"href":"https:\/\/stoffundteppichwelt.de\/index.php?rest_route=%2Fwp%2Fv2%2Fcomments&post=5107"}],"wp:featuredmedia":[{"embeddable":true,"href":"https:\/\/stoffundteppichwelt.de\/index.php?rest_route=\/wp\/v2\/media\/5108"}],"wp:attachment":[{"href":"https:\/\/stoffundteppichwelt.de\/index.php?rest_route=%2Fwp%2Fv2%2Fmedia&parent=5107"}],"wp:term":[{"taxonomy":"product_cat","embeddable":true,"href":"https:\/\/stoffundteppichwelt.de\/index.php?rest_route=%2Fwp%2Fv2%2Fproduct_cat&post=5107"},{"taxonomy":"product_tag","embeddable":true,"href":"https:\/\/stoffundteppichwelt.de\/index.php?rest_route=%2Fwp%2Fv2%2Fproduct_tag&post=5107"}],"curies":[{"name":"wp","href":"https:\/\/api.w.org\/{rel}","templated":true}]}}