{"id":5116,"date":"2020-07-15T11:44:49","date_gmt":"2020-07-15T11:44:49","guid":{"rendered":"https:\/\/stoffundteppichwelt.de\/?product=kissen-2853-1490"},"modified":"2020-07-15T11:44:49","modified_gmt":"2020-07-15T11:44:49","slug":"kissen-2853-1490","status":"publish","type":"product","link":"https:\/\/stoffundteppichwelt.de\/?product=kissen-2853-1490","title":{"rendered":"Kissenh\u00fclle 2853 flieder geblumt"},"content":{"rendered":"<p>Kissenh\u00fclle Nr. 2853 mit Reissverschluss<\/p>\n<p>Gr\u00f6\u00dfe (in cm): ca. 40 x 40<\/p>\n<p>Farbe:hellbeige-flieder<\/p>\n<p>Preis: 10,90 \u20ac\/St.<\/p>\n<p>Material: 100%Acryl<\/p>\n","protected":false},"excerpt":{"rendered":"<p>Kissenh\u00fclle Nr. 2853 mit Reissverschluss Gr\u00f6\u00dfe (in cm): ca. 40 x 40 Farbe:hellbeige-flieder Preis: 10,90 \u20ac\/St. Material: 100%Acryl<\/p>\n","protected":false},"featured_media":5117,"comment_status":"open","ping_status":"closed","template":"","meta":[],"product_cat":[72,73],"product_tag":[],"_links":{"self":[{"href":"https:\/\/stoffundteppichwelt.de\/index.php?rest_route=\/wp\/v2\/product\/5116"}],"collection":[{"href":"https:\/\/stoffundteppichwelt.de\/index.php?rest_route=\/wp\/v2\/product"}],"about":[{"href":"https:\/\/stoffundteppichwelt.de\/index.php?rest_route=\/wp\/v2\/types\/product"}],"replies":[{"embeddable":true,"href":"https:\/\/stoffundteppichwelt.de\/index.php?rest_route=%2Fwp%2Fv2%2Fcomments&post=5116"}],"wp:featuredmedia":[{"embeddable":true,"href":"https:\/\/stoffundteppichwelt.de\/index.php?rest_route=\/wp\/v2\/media\/5117"}],"wp:attachment":[{"href":"https:\/\/stoffundteppichwelt.de\/index.php?rest_route=%2Fwp%2Fv2%2Fmedia&parent=5116"}],"wp:term":[{"taxonomy":"product_cat","embeddable":true,"href":"https:\/\/stoffundteppichwelt.de\/index.php?rest_route=%2Fwp%2Fv2%2Fproduct_cat&post=5116"},{"taxonomy":"product_tag","embeddable":true,"href":"https:\/\/stoffundteppichwelt.de\/index.php?rest_route=%2Fwp%2Fv2%2Fproduct_tag&post=5116"}],"curies":[{"name":"wp","href":"https:\/\/api.w.org\/{rel}","templated":true}]}}