{"id":5120,"date":"2020-07-15T11:58:29","date_gmt":"2020-07-15T11:58:29","guid":{"rendered":"https:\/\/stoffundteppichwelt.de\/?product=kissen-2856-1490"},"modified":"2020-07-15T11:58:29","modified_gmt":"2020-07-15T11:58:29","slug":"kissen-2856-1490","status":"publish","type":"product","link":"https:\/\/stoffundteppichwelt.de\/?product=kissen-2856-1490","title":{"rendered":"Kissenh\u00fclle 2856 gr\u00fcn geblumt"},"content":{"rendered":"<p>Kissen Nr. 2856<\/p>\n<p>Gr\u00f6\u00dfe (in cm): ca. 40 x 40<\/p>\n<p>Farbe: hellbeige-gr\u00fcn<\/p>\n<p>Preis: 10,90 \u20ac\/St.<\/p>\n<p>Material: 100%Acryl<\/p>\n","protected":false},"excerpt":{"rendered":"<p>Kissen Nr. 2856 Gr\u00f6\u00dfe (in cm): ca. 40 x 40 Farbe: hellbeige-gr\u00fcn Preis: 10,90 \u20ac\/St. Material: 100%Acryl<\/p>\n","protected":false},"featured_media":5121,"comment_status":"open","ping_status":"closed","template":"","meta":[],"product_cat":[72,73],"product_tag":[],"_links":{"self":[{"href":"https:\/\/stoffundteppichwelt.de\/index.php?rest_route=\/wp\/v2\/product\/5120"}],"collection":[{"href":"https:\/\/stoffundteppichwelt.de\/index.php?rest_route=\/wp\/v2\/product"}],"about":[{"href":"https:\/\/stoffundteppichwelt.de\/index.php?rest_route=\/wp\/v2\/types\/product"}],"replies":[{"embeddable":true,"href":"https:\/\/stoffundteppichwelt.de\/index.php?rest_route=%2Fwp%2Fv2%2Fcomments&post=5120"}],"wp:featuredmedia":[{"embeddable":true,"href":"https:\/\/stoffundteppichwelt.de\/index.php?rest_route=\/wp\/v2\/media\/5121"}],"wp:attachment":[{"href":"https:\/\/stoffundteppichwelt.de\/index.php?rest_route=%2Fwp%2Fv2%2Fmedia&parent=5120"}],"wp:term":[{"taxonomy":"product_cat","embeddable":true,"href":"https:\/\/stoffundteppichwelt.de\/index.php?rest_route=%2Fwp%2Fv2%2Fproduct_cat&post=5120"},{"taxonomy":"product_tag","embeddable":true,"href":"https:\/\/stoffundteppichwelt.de\/index.php?rest_route=%2Fwp%2Fv2%2Fproduct_tag&post=5120"}],"curies":[{"name":"wp","href":"https:\/\/api.w.org\/{rel}","templated":true}]}}