{"id":5132,"date":"2020-07-15T13:45:38","date_gmt":"2020-07-15T13:45:38","guid":{"rendered":"https:\/\/stoffundteppichwelt.de\/?product=kissen-2861-1390"},"modified":"2020-07-15T13:45:38","modified_gmt":"2020-07-15T13:45:38","slug":"kissen-2861-1390","status":"publish","type":"product","link":"https:\/\/stoffundteppichwelt.de\/?product=kissen-2861-1390","title":{"rendered":"Kissenh\u00fclle 2861 terracotta meliert mit Struktur"},"content":{"rendered":"<p>Kissenh\u00fclle Nr. 2861 mit Reissverschluss<\/p>\n<p>Gr\u00f6\u00dfe (in cm): ca. 40 x 40<\/p>\n<p>Farbe: terracotta meliert<\/p>\n<p>Preis: 9,90 \u20ac\/St.<\/p>\n<p>Material: 100%PES<\/p>\n","protected":false},"excerpt":{"rendered":"<p>Kissenh\u00fclle Nr. 2861 mit Reissverschluss Gr\u00f6\u00dfe (in cm): ca. 40 x 40 Farbe: terracotta meliert Preis: 9,90 \u20ac\/St. Material: 100%PES<\/p>\n","protected":false},"featured_media":5133,"comment_status":"open","ping_status":"closed","template":"","meta":[],"product_cat":[72,73],"product_tag":[],"_links":{"self":[{"href":"https:\/\/stoffundteppichwelt.de\/index.php?rest_route=\/wp\/v2\/product\/5132"}],"collection":[{"href":"https:\/\/stoffundteppichwelt.de\/index.php?rest_route=\/wp\/v2\/product"}],"about":[{"href":"https:\/\/stoffundteppichwelt.de\/index.php?rest_route=\/wp\/v2\/types\/product"}],"replies":[{"embeddable":true,"href":"https:\/\/stoffundteppichwelt.de\/index.php?rest_route=%2Fwp%2Fv2%2Fcomments&post=5132"}],"wp:featuredmedia":[{"embeddable":true,"href":"https:\/\/stoffundteppichwelt.de\/index.php?rest_route=\/wp\/v2\/media\/5133"}],"wp:attachment":[{"href":"https:\/\/stoffundteppichwelt.de\/index.php?rest_route=%2Fwp%2Fv2%2Fmedia&parent=5132"}],"wp:term":[{"taxonomy":"product_cat","embeddable":true,"href":"https:\/\/stoffundteppichwelt.de\/index.php?rest_route=%2Fwp%2Fv2%2Fproduct_cat&post=5132"},{"taxonomy":"product_tag","embeddable":true,"href":"https:\/\/stoffundteppichwelt.de\/index.php?rest_route=%2Fwp%2Fv2%2Fproduct_tag&post=5132"}],"curies":[{"name":"wp","href":"https:\/\/api.w.org\/{rel}","templated":true}]}}