{"id":5138,"date":"2020-07-15T13:58:06","date_gmt":"2020-07-15T13:58:06","guid":{"rendered":"https:\/\/stoffundteppichwelt.de\/?product=kissen-2863-1690"},"modified":"2020-07-15T13:58:06","modified_gmt":"2020-07-15T13:58:06","slug":"kissen-2863-1690","status":"publish","type":"product","link":"https:\/\/stoffundteppichwelt.de\/?product=kissen-2863-1690","title":{"rendered":"Kissenh\u00fclle 2863 taupe mit Fischgrat-Struktur"},"content":{"rendered":"<p>Kissenh\u00fclle Nr. 2863 mit Reissverschluss<\/p>\n<p>Gr\u00f6\u00dfe (in cm): ca. 40 x 40<\/p>\n<p>Farbe: taupe<\/p>\n<p>Preis: 12,90 \u20ac\/St.<\/p>\n<p>Material: 100%PES<\/p>\n","protected":false},"excerpt":{"rendered":"<p>Kissenh\u00fclle Nr. 2863 mit Reissverschluss Gr\u00f6\u00dfe (in cm): ca. 40 x 40 Farbe: taupe Preis: 12,90 \u20ac\/St. Material: 100%PES<\/p>\n","protected":false},"featured_media":5139,"comment_status":"open","ping_status":"closed","template":"","meta":[],"product_cat":[72,73],"product_tag":[],"_links":{"self":[{"href":"https:\/\/stoffundteppichwelt.de\/index.php?rest_route=\/wp\/v2\/product\/5138"}],"collection":[{"href":"https:\/\/stoffundteppichwelt.de\/index.php?rest_route=\/wp\/v2\/product"}],"about":[{"href":"https:\/\/stoffundteppichwelt.de\/index.php?rest_route=\/wp\/v2\/types\/product"}],"replies":[{"embeddable":true,"href":"https:\/\/stoffundteppichwelt.de\/index.php?rest_route=%2Fwp%2Fv2%2Fcomments&post=5138"}],"wp:featuredmedia":[{"embeddable":true,"href":"https:\/\/stoffundteppichwelt.de\/index.php?rest_route=\/wp\/v2\/media\/5139"}],"wp:attachment":[{"href":"https:\/\/stoffundteppichwelt.de\/index.php?rest_route=%2Fwp%2Fv2%2Fmedia&parent=5138"}],"wp:term":[{"taxonomy":"product_cat","embeddable":true,"href":"https:\/\/stoffundteppichwelt.de\/index.php?rest_route=%2Fwp%2Fv2%2Fproduct_cat&post=5138"},{"taxonomy":"product_tag","embeddable":true,"href":"https:\/\/stoffundteppichwelt.de\/index.php?rest_route=%2Fwp%2Fv2%2Fproduct_tag&post=5138"}],"curies":[{"name":"wp","href":"https:\/\/api.w.org\/{rel}","templated":true}]}}