{"id":5163,"date":"2020-07-20T13:00:25","date_gmt":"2020-07-20T13:00:25","guid":{"rendered":"https:\/\/stoffundteppichwelt.de\/?product=kissenhuelle-2866-violett"},"modified":"2020-07-20T13:00:25","modified_gmt":"2020-07-20T13:00:25","slug":"kissenhuelle-2866-violett","status":"publish","type":"product","link":"https:\/\/stoffundteppichwelt.de\/?product=kissenhuelle-2866-violett","title":{"rendered":"Kissenh\u00fclle 2866 violett mit Struktur"},"content":{"rendered":"<p>Kissenh\u00fclle Nr. 2866 mit Reissverschluss<\/p>\n<p>Gr\u00f6\u00dfe (in cm): ca. 40 x 40<\/p>\n<p>Farbe: violett<\/p>\n<p>Preis: 15,90 \u20ac\/St.<\/p>\n<p>Material:\u00a0 56%Acryl 34%PES 10%BW<\/p>\n","protected":false},"excerpt":{"rendered":"<p>Kissenh\u00fclle Nr. 2866 mit Reissverschluss Gr\u00f6\u00dfe (in cm): ca. 40 x 40 Farbe: violett Preis: 15,90 \u20ac\/St. Material:\u00a0 56%Acryl 34%PES 10%BW<\/p>\n","protected":false},"featured_media":5164,"comment_status":"open","ping_status":"closed","template":"","meta":[],"product_cat":[72,73],"product_tag":[],"_links":{"self":[{"href":"https:\/\/stoffundteppichwelt.de\/index.php?rest_route=\/wp\/v2\/product\/5163"}],"collection":[{"href":"https:\/\/stoffundteppichwelt.de\/index.php?rest_route=\/wp\/v2\/product"}],"about":[{"href":"https:\/\/stoffundteppichwelt.de\/index.php?rest_route=\/wp\/v2\/types\/product"}],"replies":[{"embeddable":true,"href":"https:\/\/stoffundteppichwelt.de\/index.php?rest_route=%2Fwp%2Fv2%2Fcomments&post=5163"}],"wp:featuredmedia":[{"embeddable":true,"href":"https:\/\/stoffundteppichwelt.de\/index.php?rest_route=\/wp\/v2\/media\/5164"}],"wp:attachment":[{"href":"https:\/\/stoffundteppichwelt.de\/index.php?rest_route=%2Fwp%2Fv2%2Fmedia&parent=5163"}],"wp:term":[{"taxonomy":"product_cat","embeddable":true,"href":"https:\/\/stoffundteppichwelt.de\/index.php?rest_route=%2Fwp%2Fv2%2Fproduct_cat&post=5163"},{"taxonomy":"product_tag","embeddable":true,"href":"https:\/\/stoffundteppichwelt.de\/index.php?rest_route=%2Fwp%2Fv2%2Fproduct_tag&post=5163"}],"curies":[{"name":"wp","href":"https:\/\/api.w.org\/{rel}","templated":true}]}}