{"id":5201,"date":"2020-07-23T12:11:35","date_gmt":"2020-07-23T12:11:35","guid":{"rendered":"https:\/\/stoffundteppichwelt.de\/?product=kissenhuelle-2864"},"modified":"2020-07-23T12:11:35","modified_gmt":"2020-07-23T12:11:35","slug":"kissenhuelle-2864","status":"publish","type":"product","link":"https:\/\/stoffundteppichwelt.de\/?product=kissenhuelle-2864","title":{"rendered":"Kissenh\u00fclle 2864 rosenholz mit Fischgrat-Struktur"},"content":{"rendered":"<p>Kissenh\u00fclle Nr. 2864 mit Reissverschluss<\/p>\n<p>Gr\u00f6\u00dfe (in cm): ca. 40 x 40<\/p>\n<p>Farbe: rosenholz<\/p>\n<p>Preis: 12,90 \u20ac\/St.<\/p>\n<p>Material:\u00a0 100%PES<\/p>\n","protected":false},"excerpt":{"rendered":"<p>Kissenh\u00fclle Nr. 2864 mit Reissverschluss Gr\u00f6\u00dfe (in cm): ca. 40 x 40 Farbe: rosenholz Preis: 12,90 \u20ac\/St. Material:\u00a0 100%PES<\/p>\n","protected":false},"featured_media":5202,"comment_status":"open","ping_status":"closed","template":"","meta":[],"product_cat":[72,73],"product_tag":[],"_links":{"self":[{"href":"https:\/\/stoffundteppichwelt.de\/index.php?rest_route=\/wp\/v2\/product\/5201"}],"collection":[{"href":"https:\/\/stoffundteppichwelt.de\/index.php?rest_route=\/wp\/v2\/product"}],"about":[{"href":"https:\/\/stoffundteppichwelt.de\/index.php?rest_route=\/wp\/v2\/types\/product"}],"replies":[{"embeddable":true,"href":"https:\/\/stoffundteppichwelt.de\/index.php?rest_route=%2Fwp%2Fv2%2Fcomments&post=5201"}],"wp:featuredmedia":[{"embeddable":true,"href":"https:\/\/stoffundteppichwelt.de\/index.php?rest_route=\/wp\/v2\/media\/5202"}],"wp:attachment":[{"href":"https:\/\/stoffundteppichwelt.de\/index.php?rest_route=%2Fwp%2Fv2%2Fmedia&parent=5201"}],"wp:term":[{"taxonomy":"product_cat","embeddable":true,"href":"https:\/\/stoffundteppichwelt.de\/index.php?rest_route=%2Fwp%2Fv2%2Fproduct_cat&post=5201"},{"taxonomy":"product_tag","embeddable":true,"href":"https:\/\/stoffundteppichwelt.de\/index.php?rest_route=%2Fwp%2Fv2%2Fproduct_tag&post=5201"}],"curies":[{"name":"wp","href":"https:\/\/api.w.org\/{rel}","templated":true}]}}