{"id":5207,"date":"2020-07-23T14:08:52","date_gmt":"2020-07-23T14:08:52","guid":{"rendered":"https:\/\/stoffundteppichwelt.de\/?product=kissenhuelle-2868-orange-mit-struktur"},"modified":"2020-07-23T14:08:52","modified_gmt":"2020-07-23T14:08:52","slug":"kissenhuelle-2868-orange-mit-struktur","status":"publish","type":"product","link":"https:\/\/stoffundteppichwelt.de\/?product=kissenhuelle-2868-orange-mit-struktur","title":{"rendered":"Kissenh\u00fclle 2868 orange mit Struktur"},"content":{"rendered":"<p>Kissenh\u00fclle 2868 mit Reissverschluss<\/p>\n<p>Gr\u00f6\u00dfe (in cm): ca. 40 x 40<\/p>\n<p>Farbe: orange<\/p>\n<p>Preis: 15,90 \u20ac\/St.<\/p>\n<p>Material: 56%Acryl 34%PES 10%BW<\/p>\n","protected":false},"excerpt":{"rendered":"<p>Kissenh\u00fclle 2868 mit Reissverschluss Gr\u00f6\u00dfe (in cm): ca. 40 x 40 Farbe: orange Preis: 15,90 \u20ac\/St. Material: 56%Acryl 34%PES 10%BW<\/p>\n","protected":false},"featured_media":5208,"comment_status":"open","ping_status":"closed","template":"","meta":[],"product_cat":[72,73],"product_tag":[],"_links":{"self":[{"href":"https:\/\/stoffundteppichwelt.de\/index.php?rest_route=\/wp\/v2\/product\/5207"}],"collection":[{"href":"https:\/\/stoffundteppichwelt.de\/index.php?rest_route=\/wp\/v2\/product"}],"about":[{"href":"https:\/\/stoffundteppichwelt.de\/index.php?rest_route=\/wp\/v2\/types\/product"}],"replies":[{"embeddable":true,"href":"https:\/\/stoffundteppichwelt.de\/index.php?rest_route=%2Fwp%2Fv2%2Fcomments&post=5207"}],"wp:featuredmedia":[{"embeddable":true,"href":"https:\/\/stoffundteppichwelt.de\/index.php?rest_route=\/wp\/v2\/media\/5208"}],"wp:attachment":[{"href":"https:\/\/stoffundteppichwelt.de\/index.php?rest_route=%2Fwp%2Fv2%2Fmedia&parent=5207"}],"wp:term":[{"taxonomy":"product_cat","embeddable":true,"href":"https:\/\/stoffundteppichwelt.de\/index.php?rest_route=%2Fwp%2Fv2%2Fproduct_cat&post=5207"},{"taxonomy":"product_tag","embeddable":true,"href":"https:\/\/stoffundteppichwelt.de\/index.php?rest_route=%2Fwp%2Fv2%2Fproduct_tag&post=5207"}],"curies":[{"name":"wp","href":"https:\/\/api.w.org\/{rel}","templated":true}]}}