{"id":5218,"date":"2020-07-23T15:13:33","date_gmt":"2020-07-23T15:13:33","guid":{"rendered":"https:\/\/stoffundteppichwelt.de\/?product=kissenhuelle-2879-naturweiss-geblumt-mit-kederband"},"modified":"2020-07-23T15:13:33","modified_gmt":"2020-07-23T15:13:33","slug":"kissenhuelle-2879-naturweiss-geblumt-mit-kederband","status":"publish","type":"product","link":"https:\/\/stoffundteppichwelt.de\/?product=kissenhuelle-2879-naturweiss-geblumt-mit-kederband","title":{"rendered":"Kissenh\u00fclle 2879 naturweiss geblumt mit Kederband"},"content":{"rendered":"<p>Kissenh\u00fclle Nr. 2879 mit Reissverschluss<\/p>\n<p>Gr\u00f6\u00dfe (in cm): ca. 40 x 40<\/p>\n<p>Farbe: naturweiss geblumt<\/p>\n<p>Preis: 15,90 \u20ac\/St.<\/p>\n<p>Material: 50%BW 30%MD 20%LI<\/p>\n","protected":false},"excerpt":{"rendered":"<p>Kissenh\u00fclle Nr. 2879 mit Reissverschluss Gr\u00f6\u00dfe (in cm): ca. 40 x 40 Farbe: naturweiss geblumt Preis: 15,90 \u20ac\/St. Material: 50%BW 30%MD 20%LI<\/p>\n","protected":false},"featured_media":5219,"comment_status":"open","ping_status":"closed","template":"","meta":[],"product_cat":[72,73],"product_tag":[],"_links":{"self":[{"href":"https:\/\/stoffundteppichwelt.de\/index.php?rest_route=\/wp\/v2\/product\/5218"}],"collection":[{"href":"https:\/\/stoffundteppichwelt.de\/index.php?rest_route=\/wp\/v2\/product"}],"about":[{"href":"https:\/\/stoffundteppichwelt.de\/index.php?rest_route=\/wp\/v2\/types\/product"}],"replies":[{"embeddable":true,"href":"https:\/\/stoffundteppichwelt.de\/index.php?rest_route=%2Fwp%2Fv2%2Fcomments&post=5218"}],"wp:featuredmedia":[{"embeddable":true,"href":"https:\/\/stoffundteppichwelt.de\/index.php?rest_route=\/wp\/v2\/media\/5219"}],"wp:attachment":[{"href":"https:\/\/stoffundteppichwelt.de\/index.php?rest_route=%2Fwp%2Fv2%2Fmedia&parent=5218"}],"wp:term":[{"taxonomy":"product_cat","embeddable":true,"href":"https:\/\/stoffundteppichwelt.de\/index.php?rest_route=%2Fwp%2Fv2%2Fproduct_cat&post=5218"},{"taxonomy":"product_tag","embeddable":true,"href":"https:\/\/stoffundteppichwelt.de\/index.php?rest_route=%2Fwp%2Fv2%2Fproduct_tag&post=5218"}],"curies":[{"name":"wp","href":"https:\/\/api.w.org\/{rel}","templated":true}]}}