{"id":5228,"date":"2020-07-27T10:04:53","date_gmt":"2020-07-27T10:04:53","guid":{"rendered":"https:\/\/stoffundteppichwelt.de\/?product=kissenhuelle-2883-gelb-gemustert-mit-struktur"},"modified":"2020-07-27T10:04:53","modified_gmt":"2020-07-27T10:04:53","slug":"kissenhuelle-2883-gelb-gemustert-mit-struktur","status":"publish","type":"product","link":"https:\/\/stoffundteppichwelt.de\/?product=kissenhuelle-2883-gelb-gemustert-mit-struktur","title":{"rendered":"Kissenh\u00fclle 2883 gelb gemustert mit Struktur"},"content":{"rendered":"<p>Kissenh\u00fclle Nr. 2883 mit Reissverschluss<\/p>\n<p>Gr\u00f6\u00dfe (in cm): ca. 40 x 40<\/p>\n<p>Farbe: gelb gemustert<\/p>\n<p>Preis: 11,90 \u20ac\/St.<\/p>\n<p>Material: 50%BW 50%PES<\/p>\n","protected":false},"excerpt":{"rendered":"<p>Kissenh\u00fclle Nr. 2883 mit Reissverschluss Gr\u00f6\u00dfe (in cm): ca. 40 x 40 Farbe: gelb gemustert Preis: 11,90 \u20ac\/St. Material: 50%BW 50%PES<\/p>\n","protected":false},"featured_media":5229,"comment_status":"open","ping_status":"closed","template":"","meta":[],"product_cat":[72,73],"product_tag":[],"_links":{"self":[{"href":"https:\/\/stoffundteppichwelt.de\/index.php?rest_route=\/wp\/v2\/product\/5228"}],"collection":[{"href":"https:\/\/stoffundteppichwelt.de\/index.php?rest_route=\/wp\/v2\/product"}],"about":[{"href":"https:\/\/stoffundteppichwelt.de\/index.php?rest_route=\/wp\/v2\/types\/product"}],"replies":[{"embeddable":true,"href":"https:\/\/stoffundteppichwelt.de\/index.php?rest_route=%2Fwp%2Fv2%2Fcomments&post=5228"}],"wp:featuredmedia":[{"embeddable":true,"href":"https:\/\/stoffundteppichwelt.de\/index.php?rest_route=\/wp\/v2\/media\/5229"}],"wp:attachment":[{"href":"https:\/\/stoffundteppichwelt.de\/index.php?rest_route=%2Fwp%2Fv2%2Fmedia&parent=5228"}],"wp:term":[{"taxonomy":"product_cat","embeddable":true,"href":"https:\/\/stoffundteppichwelt.de\/index.php?rest_route=%2Fwp%2Fv2%2Fproduct_cat&post=5228"},{"taxonomy":"product_tag","embeddable":true,"href":"https:\/\/stoffundteppichwelt.de\/index.php?rest_route=%2Fwp%2Fv2%2Fproduct_tag&post=5228"}],"curies":[{"name":"wp","href":"https:\/\/api.w.org\/{rel}","templated":true}]}}