{"id":5230,"date":"2020-07-27T10:14:08","date_gmt":"2020-07-27T10:14:08","guid":{"rendered":"https:\/\/stoffundteppichwelt.de\/?product=kissenhuelle-3217"},"modified":"2020-07-27T10:14:08","modified_gmt":"2020-07-27T10:14:08","slug":"kissenhuelle-3217","status":"publish","type":"product","link":"https:\/\/stoffundteppichwelt.de\/?product=kissenhuelle-3217","title":{"rendered":"Kissenh\u00fclle 3217 rose\u00b4-silber gestreift"},"content":{"rendered":"<p>Kissenh\u00fclle Nr. 3217 mit Reissverschluss<\/p>\n<p>Gr\u00f6\u00dfe (in cm): ca. 40 x 40<\/p>\n<p>Farbe: rose\u00b4-silber<\/p>\n<p>Preis: 10,90 \u20ac\/St.<\/p>\n<p>Material: 100%PES<\/p>\n","protected":false},"excerpt":{"rendered":"<p>Kissenh\u00fclle Nr. 3217 mit Reissverschluss Gr\u00f6\u00dfe (in cm): ca. 40 x 40 Farbe: rose\u00b4-silber Preis: 10,90 \u20ac\/St. Material: 100%PES<\/p>\n","protected":false},"featured_media":5231,"comment_status":"open","ping_status":"closed","template":"","meta":[],"product_cat":[72,73],"product_tag":[],"_links":{"self":[{"href":"https:\/\/stoffundteppichwelt.de\/index.php?rest_route=\/wp\/v2\/product\/5230"}],"collection":[{"href":"https:\/\/stoffundteppichwelt.de\/index.php?rest_route=\/wp\/v2\/product"}],"about":[{"href":"https:\/\/stoffundteppichwelt.de\/index.php?rest_route=\/wp\/v2\/types\/product"}],"replies":[{"embeddable":true,"href":"https:\/\/stoffundteppichwelt.de\/index.php?rest_route=%2Fwp%2Fv2%2Fcomments&post=5230"}],"wp:featuredmedia":[{"embeddable":true,"href":"https:\/\/stoffundteppichwelt.de\/index.php?rest_route=\/wp\/v2\/media\/5231"}],"wp:attachment":[{"href":"https:\/\/stoffundteppichwelt.de\/index.php?rest_route=%2Fwp%2Fv2%2Fmedia&parent=5230"}],"wp:term":[{"taxonomy":"product_cat","embeddable":true,"href":"https:\/\/stoffundteppichwelt.de\/index.php?rest_route=%2Fwp%2Fv2%2Fproduct_cat&post=5230"},{"taxonomy":"product_tag","embeddable":true,"href":"https:\/\/stoffundteppichwelt.de\/index.php?rest_route=%2Fwp%2Fv2%2Fproduct_tag&post=5230"}],"curies":[{"name":"wp","href":"https:\/\/api.w.org\/{rel}","templated":true}]}}