{"id":5242,"date":"2020-07-27T11:03:37","date_gmt":"2020-07-27T11:03:37","guid":{"rendered":"https:\/\/stoffundteppichwelt.de\/?product=kissenhuelle-3222"},"modified":"2020-07-27T11:03:37","modified_gmt":"2020-07-27T11:03:37","slug":"kissenhuelle-3222","status":"publish","type":"product","link":"https:\/\/stoffundteppichwelt.de\/?product=kissenhuelle-3222","title":{"rendered":"Kissenh\u00fclle 3222 silbergrau gemustert"},"content":{"rendered":"<p>Kissenh\u00fclle Nr. 3222 mit Reissverschluss<\/p>\n<p>Gr\u00f6\u00dfe (in cm): ca. 40 x 40<\/p>\n<p>Farbe: silbergrau<\/p>\n<p>Preis: 10,90 \u20ac\/St.<\/p>\n<p>Material: 100%PES<\/p>\n","protected":false},"excerpt":{"rendered":"<p>Kissenh\u00fclle Nr. 3222 mit Reissverschluss Gr\u00f6\u00dfe (in cm): ca. 40 x 40 Farbe: silbergrau Preis: 10,90 \u20ac\/St. Material: 100%PES<\/p>\n","protected":false},"featured_media":5243,"comment_status":"open","ping_status":"closed","template":"","meta":[],"product_cat":[72,73],"product_tag":[],"_links":{"self":[{"href":"https:\/\/stoffundteppichwelt.de\/index.php?rest_route=\/wp\/v2\/product\/5242"}],"collection":[{"href":"https:\/\/stoffundteppichwelt.de\/index.php?rest_route=\/wp\/v2\/product"}],"about":[{"href":"https:\/\/stoffundteppichwelt.de\/index.php?rest_route=\/wp\/v2\/types\/product"}],"replies":[{"embeddable":true,"href":"https:\/\/stoffundteppichwelt.de\/index.php?rest_route=%2Fwp%2Fv2%2Fcomments&post=5242"}],"wp:featuredmedia":[{"embeddable":true,"href":"https:\/\/stoffundteppichwelt.de\/index.php?rest_route=\/wp\/v2\/media\/5243"}],"wp:attachment":[{"href":"https:\/\/stoffundteppichwelt.de\/index.php?rest_route=%2Fwp%2Fv2%2Fmedia&parent=5242"}],"wp:term":[{"taxonomy":"product_cat","embeddable":true,"href":"https:\/\/stoffundteppichwelt.de\/index.php?rest_route=%2Fwp%2Fv2%2Fproduct_cat&post=5242"},{"taxonomy":"product_tag","embeddable":true,"href":"https:\/\/stoffundteppichwelt.de\/index.php?rest_route=%2Fwp%2Fv2%2Fproduct_tag&post=5242"}],"curies":[{"name":"wp","href":"https:\/\/api.w.org\/{rel}","templated":true}]}}