{"id":5253,"date":"2020-07-27T12:18:56","date_gmt":"2020-07-27T12:18:56","guid":{"rendered":"https:\/\/stoffundteppichwelt.de\/?product=kissenhuelle-3227-beere-melange"},"modified":"2020-07-27T12:18:56","modified_gmt":"2020-07-27T12:18:56","slug":"kissenhuelle-3227-beere-melange","status":"publish","type":"product","link":"https:\/\/stoffundteppichwelt.de\/?product=kissenhuelle-3227-beere-melange","title":{"rendered":"Kissenh\u00fclle 3227 beere melange"},"content":{"rendered":"<p>Kissenh\u00fclle Nr. 3227 mit Reissverschluss<\/p>\n<p>Gr\u00f6\u00dfe (in cm): ca. 40 x 40<\/p>\n<p>Farbe: beere<\/p>\n<p>Preis: 10,90 \u20ac\/St.<\/p>\n<p>Material: 40%PES 40%PAC 20%BW<\/p>\n","protected":false},"excerpt":{"rendered":"<p>Kissenh\u00fclle Nr. 3227 mit Reissverschluss Gr\u00f6\u00dfe (in cm): ca. 40 x 40 Farbe: beere Preis: 10,90 \u20ac\/St. Material: 40%PES 40%PAC 20%BW<\/p>\n","protected":false},"featured_media":5254,"comment_status":"open","ping_status":"closed","template":"","meta":[],"product_cat":[72,73],"product_tag":[],"_links":{"self":[{"href":"https:\/\/stoffundteppichwelt.de\/index.php?rest_route=\/wp\/v2\/product\/5253"}],"collection":[{"href":"https:\/\/stoffundteppichwelt.de\/index.php?rest_route=\/wp\/v2\/product"}],"about":[{"href":"https:\/\/stoffundteppichwelt.de\/index.php?rest_route=\/wp\/v2\/types\/product"}],"replies":[{"embeddable":true,"href":"https:\/\/stoffundteppichwelt.de\/index.php?rest_route=%2Fwp%2Fv2%2Fcomments&post=5253"}],"wp:featuredmedia":[{"embeddable":true,"href":"https:\/\/stoffundteppichwelt.de\/index.php?rest_route=\/wp\/v2\/media\/5254"}],"wp:attachment":[{"href":"https:\/\/stoffundteppichwelt.de\/index.php?rest_route=%2Fwp%2Fv2%2Fmedia&parent=5253"}],"wp:term":[{"taxonomy":"product_cat","embeddable":true,"href":"https:\/\/stoffundteppichwelt.de\/index.php?rest_route=%2Fwp%2Fv2%2Fproduct_cat&post=5253"},{"taxonomy":"product_tag","embeddable":true,"href":"https:\/\/stoffundteppichwelt.de\/index.php?rest_route=%2Fwp%2Fv2%2Fproduct_tag&post=5253"}],"curies":[{"name":"wp","href":"https:\/\/api.w.org\/{rel}","templated":true}]}}