{"id":5255,"date":"2020-07-27T12:29:29","date_gmt":"2020-07-27T12:29:29","guid":{"rendered":"https:\/\/stoffundteppichwelt.de\/?product=kissenhuelle-3228-rot-beige-mit-hirschmotiv"},"modified":"2020-07-27T12:29:29","modified_gmt":"2020-07-27T12:29:29","slug":"kissenhuelle-3228-rot-beige-mit-hirschmotiv","status":"publish","type":"product","link":"https:\/\/stoffundteppichwelt.de\/?product=kissenhuelle-3228-rot-beige-mit-hirschmotiv","title":{"rendered":"Kissenh\u00fclle 3228 rot-beige mit Hirschmotiven"},"content":{"rendered":"<p>Kissenh\u00fclle Nr. 3228 mit Reissverschluss<\/p>\n<p>Gr\u00f6\u00dfe (in cm): ca. 40 x 40<\/p>\n<p>Farbe: rot-beige<\/p>\n<p>Preis: 11,90 \u20ac\/St.<\/p>\n<p>Material: 75%PES 25%BW<\/p>\n","protected":false},"excerpt":{"rendered":"<p>Kissenh\u00fclle Nr. 3228 mit Reissverschluss Gr\u00f6\u00dfe (in cm): ca. 40 x 40 Farbe: rot-beige Preis: 11,90 \u20ac\/St. Material: 75%PES 25%BW<\/p>\n","protected":false},"featured_media":5256,"comment_status":"open","ping_status":"closed","template":"","meta":[],"product_cat":[72,73],"product_tag":[],"_links":{"self":[{"href":"https:\/\/stoffundteppichwelt.de\/index.php?rest_route=\/wp\/v2\/product\/5255"}],"collection":[{"href":"https:\/\/stoffundteppichwelt.de\/index.php?rest_route=\/wp\/v2\/product"}],"about":[{"href":"https:\/\/stoffundteppichwelt.de\/index.php?rest_route=\/wp\/v2\/types\/product"}],"replies":[{"embeddable":true,"href":"https:\/\/stoffundteppichwelt.de\/index.php?rest_route=%2Fwp%2Fv2%2Fcomments&post=5255"}],"wp:featuredmedia":[{"embeddable":true,"href":"https:\/\/stoffundteppichwelt.de\/index.php?rest_route=\/wp\/v2\/media\/5256"}],"wp:attachment":[{"href":"https:\/\/stoffundteppichwelt.de\/index.php?rest_route=%2Fwp%2Fv2%2Fmedia&parent=5255"}],"wp:term":[{"taxonomy":"product_cat","embeddable":true,"href":"https:\/\/stoffundteppichwelt.de\/index.php?rest_route=%2Fwp%2Fv2%2Fproduct_cat&post=5255"},{"taxonomy":"product_tag","embeddable":true,"href":"https:\/\/stoffundteppichwelt.de\/index.php?rest_route=%2Fwp%2Fv2%2Fproduct_tag&post=5255"}],"curies":[{"name":"wp","href":"https:\/\/api.w.org\/{rel}","templated":true}]}}