{"id":5257,"date":"2020-07-27T13:01:48","date_gmt":"2020-07-27T13:01:48","guid":{"rendered":"https:\/\/stoffundteppichwelt.de\/?product=kissenhuelle-3229-beige-rot-mit-hirschmotiven"},"modified":"2020-07-27T13:01:48","modified_gmt":"2020-07-27T13:01:48","slug":"kissenhuelle-3229-beige-rot-mit-hirschmotiven","status":"publish","type":"product","link":"https:\/\/stoffundteppichwelt.de\/?product=kissenhuelle-3229-beige-rot-mit-hirschmotiven","title":{"rendered":"Kissenh\u00fclle 3229 beige-rot mit Hirschmotiven"},"content":{"rendered":"<p>Kissenh\u00fclle Nr. 3229 mit Reissverschluss<\/p>\n<p>Gr\u00f6\u00dfe (in cm): ca. 40 x 40<\/p>\n<p>Farbe: beige-rot<\/p>\n<p>Preis: 11,90 \u20ac\/St.<\/p>\n<p>Material:\u00a0 75%PES 25%BW<\/p>\n","protected":false},"excerpt":{"rendered":"<p>Kissenh\u00fclle Nr. 3229 mit Reissverschluss Gr\u00f6\u00dfe (in cm): ca. 40 x 40 Farbe: beige-rot Preis: 11,90 \u20ac\/St. Material:\u00a0 75%PES 25%BW<\/p>\n","protected":false},"featured_media":5258,"comment_status":"open","ping_status":"closed","template":"","meta":[],"product_cat":[72,73],"product_tag":[],"_links":{"self":[{"href":"https:\/\/stoffundteppichwelt.de\/index.php?rest_route=\/wp\/v2\/product\/5257"}],"collection":[{"href":"https:\/\/stoffundteppichwelt.de\/index.php?rest_route=\/wp\/v2\/product"}],"about":[{"href":"https:\/\/stoffundteppichwelt.de\/index.php?rest_route=\/wp\/v2\/types\/product"}],"replies":[{"embeddable":true,"href":"https:\/\/stoffundteppichwelt.de\/index.php?rest_route=%2Fwp%2Fv2%2Fcomments&post=5257"}],"wp:featuredmedia":[{"embeddable":true,"href":"https:\/\/stoffundteppichwelt.de\/index.php?rest_route=\/wp\/v2\/media\/5258"}],"wp:attachment":[{"href":"https:\/\/stoffundteppichwelt.de\/index.php?rest_route=%2Fwp%2Fv2%2Fmedia&parent=5257"}],"wp:term":[{"taxonomy":"product_cat","embeddable":true,"href":"https:\/\/stoffundteppichwelt.de\/index.php?rest_route=%2Fwp%2Fv2%2Fproduct_cat&post=5257"},{"taxonomy":"product_tag","embeddable":true,"href":"https:\/\/stoffundteppichwelt.de\/index.php?rest_route=%2Fwp%2Fv2%2Fproduct_tag&post=5257"}],"curies":[{"name":"wp","href":"https:\/\/api.w.org\/{rel}","templated":true}]}}