{"id":5260,"date":"2020-07-27T13:51:41","date_gmt":"2020-07-27T13:51:41","guid":{"rendered":"https:\/\/stoffundteppichwelt.de\/?product=kissenhuelle-3232-beige-blau-karo-variiert"},"modified":"2020-07-27T13:51:41","modified_gmt":"2020-07-27T13:51:41","slug":"kissenhuelle-3232-beige-blau-karo-variiert","status":"publish","type":"product","link":"https:\/\/stoffundteppichwelt.de\/?product=kissenhuelle-3232-beige-blau-karo-variiert","title":{"rendered":"Kissenh\u00fclle 3232 beige-blau Karo"},"content":{"rendered":"<p>Kissenh\u00fclle Nr. 3232 mit Reissverschluss, Motive variieren<\/p>\n<p>Gr\u00f6\u00dfe (in cm): ca. 40 x 40<\/p>\n<p>Farbe: beige-blau<\/p>\n<p>Preis: 11,90 \u20ac\/St.<\/p>\n<p>Material: 100%PES<\/p>\n","protected":false},"excerpt":{"rendered":"<p>Kissenh\u00fclle Nr. 3232 mit Reissverschluss, Motive variieren Gr\u00f6\u00dfe (in cm): ca. 40 x 40 Farbe: beige-blau Preis: 11,90 \u20ac\/St. Material: 100%PES<\/p>\n","protected":false},"featured_media":5261,"comment_status":"open","ping_status":"closed","template":"","meta":[],"product_cat":[72,73],"product_tag":[],"_links":{"self":[{"href":"https:\/\/stoffundteppichwelt.de\/index.php?rest_route=\/wp\/v2\/product\/5260"}],"collection":[{"href":"https:\/\/stoffundteppichwelt.de\/index.php?rest_route=\/wp\/v2\/product"}],"about":[{"href":"https:\/\/stoffundteppichwelt.de\/index.php?rest_route=\/wp\/v2\/types\/product"}],"replies":[{"embeddable":true,"href":"https:\/\/stoffundteppichwelt.de\/index.php?rest_route=%2Fwp%2Fv2%2Fcomments&post=5260"}],"wp:featuredmedia":[{"embeddable":true,"href":"https:\/\/stoffundteppichwelt.de\/index.php?rest_route=\/wp\/v2\/media\/5261"}],"wp:attachment":[{"href":"https:\/\/stoffundteppichwelt.de\/index.php?rest_route=%2Fwp%2Fv2%2Fmedia&parent=5260"}],"wp:term":[{"taxonomy":"product_cat","embeddable":true,"href":"https:\/\/stoffundteppichwelt.de\/index.php?rest_route=%2Fwp%2Fv2%2Fproduct_cat&post=5260"},{"taxonomy":"product_tag","embeddable":true,"href":"https:\/\/stoffundteppichwelt.de\/index.php?rest_route=%2Fwp%2Fv2%2Fproduct_tag&post=5260"}],"curies":[{"name":"wp","href":"https:\/\/api.w.org\/{rel}","templated":true}]}}