{"id":5278,"date":"2020-07-27T15:41:35","date_gmt":"2020-07-27T15:41:35","guid":{"rendered":"https:\/\/stoffundteppichwelt.de\/?product=kissenhuelle-3241"},"modified":"2020-07-27T15:41:35","modified_gmt":"2020-07-27T15:41:35","slug":"kissenhuelle-3241","status":"publish","type":"product","link":"https:\/\/stoffundteppichwelt.de\/?product=kissenhuelle-3241","title":{"rendered":"Kissenh\u00fclle 3241 beigegrundig geblumt"},"content":{"rendered":"<p>Kissenh\u00fclle Nr. 3241 mit Reissverschluss<\/p>\n<p>Gr\u00f6\u00dfe (in cm): ca. 40 x 40<\/p>\n<p>Farbe: beige-blau-dunkelbeige<\/p>\n<p>Preis: 13,90 \u20ac\/St.<\/p>\n<p>Material: 50%BW 50%PES<\/p>\n","protected":false},"excerpt":{"rendered":"<p>Kissenh\u00fclle Nr. 3241 mit Reissverschluss Gr\u00f6\u00dfe (in cm): ca. 40 x 40 Farbe: beige-blau-dunkelbeige Preis: 13,90 \u20ac\/St. Material: 50%BW 50%PES<\/p>\n","protected":false},"featured_media":5279,"comment_status":"open","ping_status":"closed","template":"","meta":[],"product_cat":[72,73],"product_tag":[],"_links":{"self":[{"href":"https:\/\/stoffundteppichwelt.de\/index.php?rest_route=\/wp\/v2\/product\/5278"}],"collection":[{"href":"https:\/\/stoffundteppichwelt.de\/index.php?rest_route=\/wp\/v2\/product"}],"about":[{"href":"https:\/\/stoffundteppichwelt.de\/index.php?rest_route=\/wp\/v2\/types\/product"}],"replies":[{"embeddable":true,"href":"https:\/\/stoffundteppichwelt.de\/index.php?rest_route=%2Fwp%2Fv2%2Fcomments&post=5278"}],"wp:featuredmedia":[{"embeddable":true,"href":"https:\/\/stoffundteppichwelt.de\/index.php?rest_route=\/wp\/v2\/media\/5279"}],"wp:attachment":[{"href":"https:\/\/stoffundteppichwelt.de\/index.php?rest_route=%2Fwp%2Fv2%2Fmedia&parent=5278"}],"wp:term":[{"taxonomy":"product_cat","embeddable":true,"href":"https:\/\/stoffundteppichwelt.de\/index.php?rest_route=%2Fwp%2Fv2%2Fproduct_cat&post=5278"},{"taxonomy":"product_tag","embeddable":true,"href":"https:\/\/stoffundteppichwelt.de\/index.php?rest_route=%2Fwp%2Fv2%2Fproduct_tag&post=5278"}],"curies":[{"name":"wp","href":"https:\/\/api.w.org\/{rel}","templated":true}]}}