{"id":5299,"date":"2020-07-29T14:26:38","date_gmt":"2020-07-29T14:26:38","guid":{"rendered":"https:\/\/stoffundteppichwelt.de\/?product=kissenhuelle-3252-rot-eingesaeumt-mit-bordeaux-roter-spitze"},"modified":"2020-07-29T14:26:38","modified_gmt":"2020-07-29T14:26:38","slug":"kissenhuelle-3252-rot-eingesaeumt-mit-bordeaux-roter-spitze","status":"publish","type":"product","link":"https:\/\/stoffundteppichwelt.de\/?product=kissenhuelle-3252-rot-eingesaeumt-mit-bordeaux-roter-spitze","title":{"rendered":"Kissenh\u00fclle 3252 rot, einges\u00e4umt mit bordeaux-roter Spitze"},"content":{"rendered":"<p>Kissenh\u00fclle Nr. 3252 mit Reissverschluss<\/p>\n<p>Gr\u00f6\u00dfe (in cm): ca. 40 x 40<\/p>\n<p>Farbe: rot<\/p>\n<p>Preis: 11,90 \u20ac\/St.<\/p>\n<p>Material: 100%PES<\/p>\n","protected":false},"excerpt":{"rendered":"<p>Kissenh\u00fclle Nr. 3252 mit Reissverschluss Gr\u00f6\u00dfe (in cm): ca. 40 x 40 Farbe: rot Preis: 11,90 \u20ac\/St. Material: 100%PES<\/p>\n","protected":false},"featured_media":5300,"comment_status":"open","ping_status":"closed","template":"","meta":[],"product_cat":[72,73],"product_tag":[],"_links":{"self":[{"href":"https:\/\/stoffundteppichwelt.de\/index.php?rest_route=\/wp\/v2\/product\/5299"}],"collection":[{"href":"https:\/\/stoffundteppichwelt.de\/index.php?rest_route=\/wp\/v2\/product"}],"about":[{"href":"https:\/\/stoffundteppichwelt.de\/index.php?rest_route=\/wp\/v2\/types\/product"}],"replies":[{"embeddable":true,"href":"https:\/\/stoffundteppichwelt.de\/index.php?rest_route=%2Fwp%2Fv2%2Fcomments&post=5299"}],"wp:featuredmedia":[{"embeddable":true,"href":"https:\/\/stoffundteppichwelt.de\/index.php?rest_route=\/wp\/v2\/media\/5300"}],"wp:attachment":[{"href":"https:\/\/stoffundteppichwelt.de\/index.php?rest_route=%2Fwp%2Fv2%2Fmedia&parent=5299"}],"wp:term":[{"taxonomy":"product_cat","embeddable":true,"href":"https:\/\/stoffundteppichwelt.de\/index.php?rest_route=%2Fwp%2Fv2%2Fproduct_cat&post=5299"},{"taxonomy":"product_tag","embeddable":true,"href":"https:\/\/stoffundteppichwelt.de\/index.php?rest_route=%2Fwp%2Fv2%2Fproduct_tag&post=5299"}],"curies":[{"name":"wp","href":"https:\/\/api.w.org\/{rel}","templated":true}]}}