{"id":5314,"date":"2020-08-03T10:43:22","date_gmt":"2020-08-03T10:43:22","guid":{"rendered":"https:\/\/stoffundteppichwelt.de\/?product=kissenhuelle-3301"},"modified":"2020-08-03T10:43:22","modified_gmt":"2020-08-03T10:43:22","slug":"kissenhuelle-3301","status":"publish","type":"product","link":"https:\/\/stoffundteppichwelt.de\/?product=kissenhuelle-3301","title":{"rendered":"Kissenh\u00fclle 3301 beige mit Hirsch-, Edelweiss- und Herzerl- Motiven in rot"},"content":{"rendered":"<p>Kissenh\u00fclle Nr. 3301 mit Reissverschluss, Motive variieren<\/p>\n<p>Gr\u00f6\u00dfe (in cm): ca. 40 x 40<\/p>\n<p>Farbe: beige-rot<\/p>\n<p>Preis: 11,90 \u20ac\/St.<\/p>\n<p>Material: 75%PES 25%BW<\/p>\n","protected":false},"excerpt":{"rendered":"<p>Kissenh\u00fclle Nr. 3301 mit Reissverschluss, Motive variieren Gr\u00f6\u00dfe (in cm): ca. 40 x 40 Farbe: beige-rot Preis: 11,90 \u20ac\/St. Material: 75%PES 25%BW<\/p>\n","protected":false},"featured_media":5315,"comment_status":"open","ping_status":"closed","template":"","meta":[],"product_cat":[72,73],"product_tag":[],"_links":{"self":[{"href":"https:\/\/stoffundteppichwelt.de\/index.php?rest_route=\/wp\/v2\/product\/5314"}],"collection":[{"href":"https:\/\/stoffundteppichwelt.de\/index.php?rest_route=\/wp\/v2\/product"}],"about":[{"href":"https:\/\/stoffundteppichwelt.de\/index.php?rest_route=\/wp\/v2\/types\/product"}],"replies":[{"embeddable":true,"href":"https:\/\/stoffundteppichwelt.de\/index.php?rest_route=%2Fwp%2Fv2%2Fcomments&post=5314"}],"wp:featuredmedia":[{"embeddable":true,"href":"https:\/\/stoffundteppichwelt.de\/index.php?rest_route=\/wp\/v2\/media\/5315"}],"wp:attachment":[{"href":"https:\/\/stoffundteppichwelt.de\/index.php?rest_route=%2Fwp%2Fv2%2Fmedia&parent=5314"}],"wp:term":[{"taxonomy":"product_cat","embeddable":true,"href":"https:\/\/stoffundteppichwelt.de\/index.php?rest_route=%2Fwp%2Fv2%2Fproduct_cat&post=5314"},{"taxonomy":"product_tag","embeddable":true,"href":"https:\/\/stoffundteppichwelt.de\/index.php?rest_route=%2Fwp%2Fv2%2Fproduct_tag&post=5314"}],"curies":[{"name":"wp","href":"https:\/\/api.w.org\/{rel}","templated":true}]}}