{"id":5333,"date":"2020-08-03T12:58:55","date_gmt":"2020-08-03T12:58:55","guid":{"rendered":"https:\/\/stoffundteppichwelt.de\/?product=kissenhuelle-3309-braun-hirsch-edelweiss-und-herzerl-motive-in-beige"},"modified":"2020-08-03T12:58:55","modified_gmt":"2020-08-03T12:58:55","slug":"kissenhuelle-3309-braun-hirsch-edelweiss-und-herzerl-motive-in-beige","status":"publish","type":"product","link":"https:\/\/stoffundteppichwelt.de\/?product=kissenhuelle-3309-braun-hirsch-edelweiss-und-herzerl-motive-in-beige","title":{"rendered":"Kissenh\u00fclle 3309 braun, Hirsch-, Edelweiss- und Herzerl- Motive in beige"},"content":{"rendered":"<p>Kissenh\u00fclle Nr. 3309 mit Reissverschluss, Motive variieren<\/p>\n<p>Gr\u00f6\u00dfe (in cm): ca. 40 x 40<\/p>\n<p>Farbe: braun-beige<\/p>\n<p>Preis: 11,90 \u20ac\/St.<\/p>\n<p>Material: 75%PES 25%BW<\/p>\n","protected":false},"excerpt":{"rendered":"<p>Kissenh\u00fclle Nr. 3309 mit Reissverschluss, Motive variieren Gr\u00f6\u00dfe (in cm): ca. 40 x 40 Farbe: braun-beige Preis: 11,90 \u20ac\/St. Material: 75%PES 25%BW<\/p>\n","protected":false},"featured_media":5334,"comment_status":"open","ping_status":"closed","template":"","meta":[],"product_cat":[72,73],"product_tag":[],"_links":{"self":[{"href":"https:\/\/stoffundteppichwelt.de\/index.php?rest_route=\/wp\/v2\/product\/5333"}],"collection":[{"href":"https:\/\/stoffundteppichwelt.de\/index.php?rest_route=\/wp\/v2\/product"}],"about":[{"href":"https:\/\/stoffundteppichwelt.de\/index.php?rest_route=\/wp\/v2\/types\/product"}],"replies":[{"embeddable":true,"href":"https:\/\/stoffundteppichwelt.de\/index.php?rest_route=%2Fwp%2Fv2%2Fcomments&post=5333"}],"wp:featuredmedia":[{"embeddable":true,"href":"https:\/\/stoffundteppichwelt.de\/index.php?rest_route=\/wp\/v2\/media\/5334"}],"wp:attachment":[{"href":"https:\/\/stoffundteppichwelt.de\/index.php?rest_route=%2Fwp%2Fv2%2Fmedia&parent=5333"}],"wp:term":[{"taxonomy":"product_cat","embeddable":true,"href":"https:\/\/stoffundteppichwelt.de\/index.php?rest_route=%2Fwp%2Fv2%2Fproduct_cat&post=5333"},{"taxonomy":"product_tag","embeddable":true,"href":"https:\/\/stoffundteppichwelt.de\/index.php?rest_route=%2Fwp%2Fv2%2Fproduct_tag&post=5333"}],"curies":[{"name":"wp","href":"https:\/\/api.w.org\/{rel}","templated":true}]}}