{"id":5339,"date":"2020-08-03T14:38:01","date_gmt":"2020-08-03T14:38:01","guid":{"rendered":"https:\/\/stoffundteppichwelt.de\/?product=kissenhuelle-3313"},"modified":"2020-08-03T14:38:01","modified_gmt":"2020-08-03T14:38:01","slug":"kissenhuelle-3313","status":"publish","type":"product","link":"https:\/\/stoffundteppichwelt.de\/?product=kissenhuelle-3313","title":{"rendered":"Kissenh\u00fclle 3313 weiss mit goldenen Sternen"},"content":{"rendered":"<p>Kissenh\u00fclle Nr. 3313 mit Reissverschluss<\/p>\n<p>Gr\u00f6\u00dfe (in cm): ca. 40 x 40<\/p>\n<p>Farbe: weiss-gold<\/p>\n<p>Preis: 10,90 \u20ac\/St.<\/p>\n<p>Material: 55%Nylon 45PES<\/p>\n","protected":false},"excerpt":{"rendered":"<p>Kissenh\u00fclle Nr. 3313 mit Reissverschluss Gr\u00f6\u00dfe (in cm): ca. 40 x 40 Farbe: weiss-gold Preis: 10,90 \u20ac\/St. Material: 55%Nylon 45PES<\/p>\n","protected":false},"featured_media":5340,"comment_status":"open","ping_status":"closed","template":"","meta":[],"product_cat":[72,73],"product_tag":[],"_links":{"self":[{"href":"https:\/\/stoffundteppichwelt.de\/index.php?rest_route=\/wp\/v2\/product\/5339"}],"collection":[{"href":"https:\/\/stoffundteppichwelt.de\/index.php?rest_route=\/wp\/v2\/product"}],"about":[{"href":"https:\/\/stoffundteppichwelt.de\/index.php?rest_route=\/wp\/v2\/types\/product"}],"replies":[{"embeddable":true,"href":"https:\/\/stoffundteppichwelt.de\/index.php?rest_route=%2Fwp%2Fv2%2Fcomments&post=5339"}],"wp:featuredmedia":[{"embeddable":true,"href":"https:\/\/stoffundteppichwelt.de\/index.php?rest_route=\/wp\/v2\/media\/5340"}],"wp:attachment":[{"href":"https:\/\/stoffundteppichwelt.de\/index.php?rest_route=%2Fwp%2Fv2%2Fmedia&parent=5339"}],"wp:term":[{"taxonomy":"product_cat","embeddable":true,"href":"https:\/\/stoffundteppichwelt.de\/index.php?rest_route=%2Fwp%2Fv2%2Fproduct_cat&post=5339"},{"taxonomy":"product_tag","embeddable":true,"href":"https:\/\/stoffundteppichwelt.de\/index.php?rest_route=%2Fwp%2Fv2%2Fproduct_tag&post=5339"}],"curies":[{"name":"wp","href":"https:\/\/api.w.org\/{rel}","templated":true}]}}