{"id":5351,"date":"2020-08-03T15:40:14","date_gmt":"2020-08-03T15:40:14","guid":{"rendered":"https:\/\/stoffundteppichwelt.de\/?product=kissenhuelle-3324-lavendel-mit-struktur"},"modified":"2020-08-03T15:40:14","modified_gmt":"2020-08-03T15:40:14","slug":"kissenhuelle-3324-lavendel-mit-struktur","status":"publish","type":"product","link":"https:\/\/stoffundteppichwelt.de\/?product=kissenhuelle-3324-lavendel-mit-struktur","title":{"rendered":"Kissenh\u00fclle 3324 lavendel mit Struktur"},"content":{"rendered":"<p>Kissenh\u00fclle Nr. 3324 mit Reissverschluss<\/p>\n<p>Gr\u00f6\u00dfe (in cm): ca. 40 x 40<\/p>\n<p>Farbe: lila<\/p>\n<p>Preis: 15,90 \u20ac\/St.<\/p>\n<p>Material: 56%Acryl 34%PES 10%BW<\/p>\n","protected":false},"excerpt":{"rendered":"<p>Kissenh\u00fclle Nr. 3324 mit Reissverschluss Gr\u00f6\u00dfe (in cm): ca. 40 x 40 Farbe: lila Preis: 15,90 \u20ac\/St. Material: 56%Acryl 34%PES 10%BW<\/p>\n","protected":false},"featured_media":5352,"comment_status":"open","ping_status":"closed","template":"","meta":[],"product_cat":[72,73],"product_tag":[],"_links":{"self":[{"href":"https:\/\/stoffundteppichwelt.de\/index.php?rest_route=\/wp\/v2\/product\/5351"}],"collection":[{"href":"https:\/\/stoffundteppichwelt.de\/index.php?rest_route=\/wp\/v2\/product"}],"about":[{"href":"https:\/\/stoffundteppichwelt.de\/index.php?rest_route=\/wp\/v2\/types\/product"}],"replies":[{"embeddable":true,"href":"https:\/\/stoffundteppichwelt.de\/index.php?rest_route=%2Fwp%2Fv2%2Fcomments&post=5351"}],"wp:featuredmedia":[{"embeddable":true,"href":"https:\/\/stoffundteppichwelt.de\/index.php?rest_route=\/wp\/v2\/media\/5352"}],"wp:attachment":[{"href":"https:\/\/stoffundteppichwelt.de\/index.php?rest_route=%2Fwp%2Fv2%2Fmedia&parent=5351"}],"wp:term":[{"taxonomy":"product_cat","embeddable":true,"href":"https:\/\/stoffundteppichwelt.de\/index.php?rest_route=%2Fwp%2Fv2%2Fproduct_cat&post=5351"},{"taxonomy":"product_tag","embeddable":true,"href":"https:\/\/stoffundteppichwelt.de\/index.php?rest_route=%2Fwp%2Fv2%2Fproduct_tag&post=5351"}],"curies":[{"name":"wp","href":"https:\/\/api.w.org\/{rel}","templated":true}]}}